{"id":20,"date":"2021-01-01T18:51:25","date_gmt":"2021-01-01T18:51:25","guid":{"rendered":"https:\/\/oeltank-pruefung.de\/?page_id=20"},"modified":"2025-10-17T11:02:30","modified_gmt":"2025-10-17T11:02:30","slug":"impressum","status":"publish","type":"page","link":"https:\/\/oeltank-pruefung.de\/?page_id=20","title":{"rendered":"Impressum"},"content":{"rendered":"\t\t<div data-elementor-type=\"wp-page\" data-elementor-id=\"20\" class=\"elementor elementor-20\">\n\t\t\t\t\t\t<section class=\"elementor-section elementor-top-section elementor-element elementor-element-7c99404c elementor-section-height-min-height elementor-section-full_width elementor-section-height-default elementor-section-items-middle\" data-id=\"7c99404c\" data-element_type=\"section\" data-settings=\"{&quot;background_background&quot;:&quot;classic&quot;}\">\n\t\t\t\t\t\t\t<div class=\"elementor-background-overlay\"><\/div>\n\t\t\t\t\t\t\t<div class=\"elementor-container elementor-column-gap-default\">\n\t\t\t\t\t<div class=\"elementor-column elementor-col-100 elementor-top-column elementor-element elementor-element-5d6f742e\" data-id=\"5d6f742e\" data-element_type=\"column\">\n\t\t\t<div class=\"elementor-widget-wrap elementor-element-populated\">\n\t\t\t\t\t\t<div class=\"elementor-element elementor-element-47def37 elementor-widget elementor-widget-heading\" data-id=\"47def37\" data-element_type=\"widget\" data-widget_type=\"heading.default\">\n\t\t\t\t<div class=\"elementor-widget-container\">\n\t\t\t<h2 class=\"elementor-heading-title elementor-size-default\">Impressum<\/h2>\t\t<\/div>\n\t\t\t\t<\/div>\n\t\t\t\t\t<\/div>\n\t\t<\/div>\n\t\t\t\t\t<\/div>\n\t\t<\/section>\n\t\t\t\t<section class=\"elementor-section elementor-top-section elementor-element elementor-element-979a6c3 elementor-section-boxed elementor-section-height-default elementor-section-height-default\" data-id=\"979a6c3\" data-element_type=\"section\">\n\t\t\t\t\t\t<div class=\"elementor-container elementor-column-gap-default\">\n\t\t\t\t\t<div class=\"elementor-column elementor-col-100 elementor-top-column elementor-element elementor-element-d1d3e93\" data-id=\"d1d3e93\" data-element_type=\"column\">\n\t\t\t<div class=\"elementor-widget-wrap elementor-element-populated\">\n\t\t\t\t\t\t<div class=\"elementor-element elementor-element-ff3519a elementor-widget elementor-widget-text-editor\" data-id=\"ff3519a\" data-element_type=\"widget\" data-widget_type=\"text-editor.default\">\n\t\t\t\t<div class=\"elementor-widget-container\">\n\t\t\t\t\t\t\t<p>Die Webseiten (&nbsp;<a href=\"http:\/\/kroeckel.eu\/index.html\">www.oeltank-pruefung.de<\/a>) sind urheberrechtlich gesch\u00fctzt. Die dadurch begr\u00fcndeten Rechte, insbesondere der<br>\u00dcbersetzung, des Nachdrucks, der Entnahme von Abbildungen, der Funksendung, die Wiedergabe auf photomechanischem<br>oder \u00e4hnlichen Wege und der Speicherung in Datenverarbeitungsanlagen, bleiben vorbehalten.<\/p>\n<p>Die Urheberrechte und das f\u00fcr s\u00e4mtliche Inhalte der Internet-Pr\u00e4senz liegen bei Andreas Kr\u00f6ckel.<\/p>\n<table border=\"1\" width=\"100%\" cellspacing=\"1\" cellpadding=\"1\">\n<tbody>\n<tr>\n<td align=\"LEFT\" valign=\"TOP\" width=\"354\">\n<p>Verantwortlicher gem\u00e4\u00df \u00a76 TDG \/MDStV:<\/p>\n<\/td>\n<td align=\"LEFT\" valign=\"TOP\" width=\"269\">\n<p><b><i>Andreas Kr\u00f6ckel<br><\/i><\/b>Dipl.-Ing. (FH)<br>Dipl.-Ing. (FH)<\/p>\n<\/td>\n<\/tr>\n<tr>\n<td align=\"LEFT\" valign=\"TOP\">\n<p>Anschrift:<\/p>\n<\/td>\n<td align=\"LEFT\" valign=\"TOP\">\n<p>Sachverst\u00e4ndigen- und Ingenieurb\u00fcro Andreas Kr\u00f6ckel<br>St. &#8211; Ulrich &#8211; Stra\u00dfe 23<br>97688 Bad Kissingen<\/p>\n<p>Telefon: 09736\/1215<br>Telefax: 09736\/1413<\/p>\n<p>eMail:&nbsp;<a href=\"mailto:sv@kroeckel.de\">sv@kroeckel.de<\/a><\/p>\n<\/td>\n<\/tr>\n<\/tbody>\n<\/table>\n<h2 style=\"margin-bottom: 0.5rem; font-weight: 500; line-height: 1.2; font-size: 2rem; color: #3b3b3b; font-family: system-ui, -apple-system, 'Segoe UI', Roboto, 'Helvetica Neue', Arial, 'Noto Sans', 'Liberation Sans', sans-serif, 'Apple Color Emoji', 'Segoe UI Emoji', 'Segoe UI Symbol', 'Noto Color Emoji'; font-style: normal; font-variant-ligatures: normal; font-variant-caps: normal; background-color: #f7f7f7;\"><span style=\"color: #595959; font-family: Lato, sans-serif; font-size: 15px; font-style: normal; font-variant-ligatures: normal; font-variant-caps: normal; font-weight: 400; background-color: #ffffff;\">Das Sachverst\u00e4ndigen- und Ingenieurb\u00fcro Andreas Kr\u00f6ckel hat seinen Sitz in Bad Kissingen.<\/span><\/h2>\n<div>\n<h2 style=\"margin-bottom: 0.5rem; font-variant-ligatures: normal; font-variant-caps: normal; line-height: 1.2; font-family: system-ui, -apple-system, 'Segoe UI', Roboto, 'Helvetica Neue', Arial, 'Noto Sans', 'Liberation Sans', sans-serif, 'Apple Color Emoji', 'Segoe UI Emoji', 'Segoe UI Symbol', 'Noto Color Emoji'; font-size: 2rem; font-style: normal; font-weight: 500; color: #3b3b3b; background-color: #f7f7f7;\"><span style=\"font-variant-ligatures: normal; font-variant-caps: normal; font-family: Lato, sans-serif; font-size: 15px; font-style: normal; font-weight: 400; color: #595959; background-color: #ffffff;\">Das Sachverst\u00e4ndigen- und Ingenieurb\u00fcro ist eine Abteilung der Kr\u00f6ckel Haustechnik GmbH &amp; Co. KG.<\/span><\/h2>\n<\/div>\n<h2 style=\"margin-bottom: 0.5rem; font-weight: 500; line-height: 1.2; font-size: 2rem; color: #3b3b3b; font-family: system-ui, -apple-system, 'Segoe UI', Roboto, 'Helvetica Neue', Arial, 'Noto Sans', 'Liberation Sans', sans-serif, 'Apple Color Emoji', 'Segoe UI Emoji', 'Segoe UI Symbol', 'Noto Color Emoji'; font-style: normal; font-variant-ligatures: normal; font-variant-caps: normal; background-color: #f7f7f7;\">Angaben gem\u00e4\u00df \u00a7 5 TMG<\/h2>\n<p style=\"margin-bottom: 1rem; color: #3b3b3b; font-family: system-ui, -apple-system, 'Segoe UI', Roboto, 'Helvetica Neue', Arial, 'Noto Sans', 'Liberation Sans', sans-serif, 'Apple Color Emoji', 'Segoe UI Emoji', 'Segoe UI Symbol', 'Noto Color Emoji'; font-size: 16px; font-style: normal; font-variant-ligatures: normal; font-variant-caps: normal; font-weight: 400; background-color: #f7f7f7;\">Kr\u00f6ckel Haustechnik GmbH &amp; Co. KG Bad + W\u00e4rme<br>Sankt &#8211; Ulrich &#8211; Stra\u00dfe 23<br>97688 Bad Kissingen<\/p>\n<p style=\"margin-bottom: 1rem; color: #3b3b3b; font-family: system-ui, -apple-system, 'Segoe UI', Roboto, 'Helvetica Neue', Arial, 'Noto Sans', 'Liberation Sans', sans-serif, 'Apple Color Emoji', 'Segoe UI Emoji', 'Segoe UI Symbol', 'Noto Color Emoji'; font-size: 16px; font-style: normal; font-variant-ligatures: normal; font-variant-caps: normal; font-weight: 400; background-color: #f7f7f7;\">Handelsregister: HRB 8641<br>Registergericht: Registergericht Schweinfurt<\/p>\n<p style=\"margin-bottom: 1rem; color: #3b3b3b; font-family: system-ui, -apple-system, 'Segoe UI', Roboto, 'Helvetica Neue', Arial, 'Noto Sans', 'Liberation Sans', sans-serif, 'Apple Color Emoji', 'Segoe UI Emoji', 'Segoe UI Symbol', 'Noto Color Emoji'; font-size: 16px; font-style: normal; font-variant-ligatures: normal; font-variant-caps: normal; font-weight: 400; background-color: #f7f7f7;\"><span style=\"font-weight: bolder;\">Vertreten durch:<\/span><br>Kr\u00f6ckel-Verwaltungsgesellschaft mbH<br>Sankt &#8211; Ulrich &#8211; Stra\u00dfe 23<br>97688 Bad Kissingen<\/p>\n<p style=\"margin-bottom: 1rem; color: #3b3b3b; font-family: system-ui, -apple-system, 'Segoe UI', Roboto, 'Helvetica Neue', Arial, 'Noto Sans', 'Liberation Sans', sans-serif, 'Apple Color Emoji', 'Segoe UI Emoji', 'Segoe UI Symbol', 'Noto Color Emoji'; font-size: 16px; font-style: normal; font-variant-ligatures: normal; font-variant-caps: normal; font-weight: 400; background-color: #f7f7f7;\">Diese vertreten durch:<br>Andreas Kr\u00f6ckel<\/p>\n<p style=\"margin-bottom: 1rem; color: #3b3b3b; font-family: system-ui, -apple-system, 'Segoe UI', Roboto, 'Helvetica Neue', Arial, 'Noto Sans', 'Liberation Sans', sans-serif, 'Apple Color Emoji', 'Segoe UI Emoji', 'Segoe UI Symbol', 'Noto Color Emoji'; font-size: 16px; font-style: normal; font-variant-ligatures: normal; font-variant-caps: normal; font-weight: 400; background-color: #f7f7f7;\">Handelsregister: HRB 5078<br>Registergericht: Registergericht Schweinfurt<\/p>\n<h2 style=\"margin-bottom: 0.5rem; font-weight: 500; line-height: 1.2; font-size: 2rem; color: #3b3b3b; font-family: system-ui, -apple-system, 'Segoe UI', Roboto, 'Helvetica Neue', Arial, 'Noto Sans', 'Liberation Sans', sans-serif, 'Apple Color Emoji', 'Segoe UI Emoji', 'Segoe UI Symbol', 'Noto Color Emoji'; font-style: normal; font-variant-ligatures: normal; font-variant-caps: normal; background-color: #f7f7f7;\">Kontakt<\/h2>\n<p style=\"margin-bottom: 1rem; color: #3b3b3b; font-family: system-ui, -apple-system, 'Segoe UI', Roboto, 'Helvetica Neue', Arial, 'Noto Sans', 'Liberation Sans', sans-serif, 'Apple Color Emoji', 'Segoe UI Emoji', 'Segoe UI Symbol', 'Noto Color Emoji'; font-size: 16px; font-style: normal; font-variant-ligatures: normal; font-variant-caps: normal; font-weight: 400; background-color: #f7f7f7;\">Telefon: 09736\/1215<br>Telefax: 09736\/1413<br>E-Mail: info@kroeckel.de<\/p>\n<h2 style=\"margin-bottom: 0.5rem; font-weight: 500; line-height: 1.2; font-size: 2rem; color: #3b3b3b; font-family: system-ui, -apple-system, 'Segoe UI', Roboto, 'Helvetica Neue', Arial, 'Noto Sans', 'Liberation Sans', sans-serif, 'Apple Color Emoji', 'Segoe UI Emoji', 'Segoe UI Symbol', 'Noto Color Emoji'; font-style: normal; font-variant-ligatures: normal; font-variant-caps: normal; background-color: #f7f7f7;\">Umsatzsteuer-ID<\/h2>\n<p style=\"margin-bottom: 1rem; color: #3b3b3b; font-family: system-ui, -apple-system, 'Segoe UI', Roboto, 'Helvetica Neue', Arial, 'Noto Sans', 'Liberation Sans', sans-serif, 'Apple Color Emoji', 'Segoe UI Emoji', 'Segoe UI Symbol', 'Noto Color Emoji'; font-size: 16px; font-style: normal; font-variant-ligatures: normal; font-variant-caps: normal; font-weight: 400; background-color: #f7f7f7;\">Umsatzsteuer-Identifikationsnummer gem\u00e4\u00df \u00a727 a Umsatzsteuergesetz:<br>DE 252153645<\/p>\n<p><\/p>\n<p>Alle in unseren Internetseiten enthaltenen Angaben und Informationen wurden sorgf\u00e4ltig recherchiert und gepr\u00fcft.<br>Alle Angaben erfolgen ohne Gew\u00e4hr. Druckfehler und Irrt\u00fcmer vorbehalten. Wir behalten uns das Recht vor, jederzeit<br>und ohne Vorank\u00fcndigungen \u00c4nderungen und Erg\u00e4nzungen vorzunehmen. Unser Angebot ist freibleibend. F\u00fcr Richtigkeit,<br>Vollst\u00e4ndigkeit und Aktualit\u00e4t kann keine Haftung \u00fcbernommen werden.<\/p>\n<p>Mit Urteil vom 12. Mai 1998 hat das Landgericht Hamburg entschieden, da\u00df man durch die Anbringung und Verwendung von Links (Verkn\u00fcpfungen) zu anderen Internetseiten deren Inhalte ggf. mitzuverantworten hat. Dies kann laut der Entscheidung des Landgerichts nur dadurch verhindert werden, da\u00df man sich ausdr\u00fccklich von diesen Inhalten distanziert. Wir haben auf verschiedenen Seiten unserer Homepage sowie anderen zu unserem Unternehmen geh\u00f6renden Seiten Links zu anderen Internetseiten anderer Anbieter verwendet.<\/p>\n<p>Bei direkten oder indirekten Verweisen auf fremde Internetseiten (&#8222;Links&#8220;), die au\u00dferhalb des Verantwortungsbereiches<br>des Autors liegen, w\u00e4re eine Haftungsverpflichtung ausschlie\u00dflich in dem Fall in Kraft treten, in dem der Autor von den<br>Inhalten Kenntnis hat und es ihm technisch m\u00f6glich und zumutbar w\u00e4re, die Nutzung im Falle rechtswidriger Inhalte<br>zu verhindern. Der Autor erkl\u00e4rt daher ausdr\u00fccklich, dass zum Zeitpunkt der Linksetzung die entsprechenden verlinkten<br>Seiten frei von illegalen Inhalten waren. Der Autor hat keinerlei Einfluss auf die aktuelle und zuk\u00fcnftige Gestaltung und auf<br>die Inhalte der gelinkten \/ verkn\u00fcpften Seiten. Deshalb distanziert er sich hiermit ausdr\u00fccklich von allen Inhalten aller gelinkten \/<br>verkn\u00fcpften Seiten, die nach der Linksetzung ver\u00e4ndert wurden. Diese Feststellung gilt f\u00fcr alle innerhalb des eigenen<br>Internetangebotes gesetzten Links und Verweise sowie f\u00fcr Fremdeintr\u00e4ge in vom Autor eingerichteten G\u00e4steb\u00fcchern,<br>Diskussionsforen und Mailinglisten. F\u00fcr illegale, fehlerhafte oder unvollst\u00e4ndige Inhalte und insbesondere f\u00fcr Sch\u00e4den,<br>die aus der Nutzung oder Nichtnutzung solcher dargebotener Informationen entstehen, haftet allein der Anbieter der Seite,<br>auf welche verwiesen wurde, nicht derjenige, der mittels Links auf die jeweilige Ver\u00f6ffentlichung lediglich verweist.<\/p>\n<p>Des weitern k\u00f6nnen unsere Internetseiten ohne unser Wissen von einer anderen Seite verlinkt worden sein. Wir \u00fcbernehmen<br>keine Verantwortung f\u00fcr die Inhalte dieser verlinkenden Internetseiten Dritter.<\/p>\n<h3><b>Sonstige Rechtsinformationen<\/b><\/h3>\n<p>Das Sachverst\u00e4ndigen- und Ingenieurb\u00fcro Andreas Kr\u00f6ckel h\u00e4lt sich beim Umgang mit Kundeninformationen strikt an die Regeln des Datenschutzes. Wir behandeln die Informationen, die Sie dem Sachverst\u00e4ndigen- und Ingenieurb\u00fcro Andreas Kr\u00f6ckel zur Verf\u00fcgung stellen, streng vertraulich. Das Sachverst\u00e4ndigen- und Ingenieurb\u00fcro Andreas Kr\u00f6ckel gibt Kundeninformationen nicht ohne vorherige schriftliche Zustimmung des Kunden an Dritte weiter.<\/p>\n<table border=\"0\" width=\"1000\" cellspacing=\"0\" cellpadding=\"0\">\n<tbody>\n<tr align=\"LEFT\" valign=\"TOP\">\n<td width=\"845\">\n<h3><b>Sonstige Bestimmungen<\/b><\/h3>\n<p>Diese Bedingungen unterliegen den Gesetzen in Deutschland und m\u00fcssen entsprechend interpretiert werden, ohne Beachtung der Prinzipien des Kollisionsrechts. Wenn eine Bestimmung dieser Bedingungen gesetzwidrig, nichtig oder nicht durchsetzbar ist, so gilt diese Bestimmung als trennbar von diesen Bedingungen und beeintr\u00e4chtigt nicht die G\u00fcltigkeit und Durchf\u00fchrbarkeit der \u00fcbrigen Bestimmungen. Diese Bedingungen sind wirksam solange sie nicht oder bis sie von dem Sachverst\u00e4ndigen- und Ingenieurb\u00fcro Andreas Kr\u00f6ckel aufgehoben werden.<\/p>\n<\/td>\n<\/tr>\n<\/tbody>\n<\/table>\t\t\t\t\t\t<\/div>\n\t\t\t\t<\/div>\n\t\t\t\t\t<\/div>\n\t\t<\/div>\n\t\t\t\t\t<\/div>\n\t\t<\/section>\n\t\t\t\t<\/div>\n\t\t","protected":false},"excerpt":{"rendered":"<p>Impressum Die Webseiten (&nbsp;www.oeltank-pruefung.de) sind urheberrechtlich gesch\u00fctzt. Die dadurch begr\u00fcndeten Rechte, insbesondere der\u00dcbersetzung, des Nachdrucks, der Entnahme von Abbildungen, der Funksendung, die Wiedergabe auf photomechanischemoder \u00e4hnlichen Wege und der Speicherung in Datenverarbeitungsanlagen, bleiben vorbehalten. Die Urheberrechte und das f\u00fcr s\u00e4mtliche Inhalte der Internet-Pr\u00e4senz liegen bei Andreas Kr\u00f6ckel. Verantwortlicher gem\u00e4\u00df \u00a76 TDG \/MDStV: Andreas Kr\u00f6ckelDipl.-Ing. (FH)Dipl.-Ing. [&hellip;]<\/p>\n","protected":false},"author":1,"featured_media":0,"parent":0,"menu_order":6,"comment_status":"closed","ping_status":"closed","template":"","meta":{"ocean_post_layout":"","ocean_both_sidebars_style":"","ocean_both_sidebars_content_width":0,"ocean_both_sidebars_sidebars_width":0,"ocean_sidebar":"","ocean_second_sidebar":"","ocean_disable_margins":"enable","ocean_add_body_class":"","ocean_shortcode_before_top_bar":"","ocean_shortcode_after_top_bar":"","ocean_shortcode_before_header":"","ocean_shortcode_after_header":"","ocean_has_shortcode":"","ocean_shortcode_after_title":"","ocean_shortcode_before_footer_widgets":"","ocean_shortcode_after_footer_widgets":"","ocean_shortcode_before_footer_bottom":"","ocean_shortcode_after_footer_bottom":"","ocean_display_top_bar":"default","ocean_display_header":"default","ocean_header_style":"","ocean_center_header_left_menu":"","ocean_custom_header_template":"","ocean_custom_logo":0,"ocean_custom_retina_logo":0,"ocean_custom_logo_max_width":0,"ocean_custom_logo_tablet_max_width":0,"ocean_custom_logo_mobile_max_width":0,"ocean_custom_logo_max_height":0,"ocean_custom_logo_tablet_max_height":0,"ocean_custom_logo_mobile_max_height":0,"ocean_header_custom_menu":"","ocean_menu_typo_font_family":"","ocean_menu_typo_font_subset":"","ocean_menu_typo_font_size":0,"ocean_menu_typo_font_size_tablet":0,"ocean_menu_typo_font_size_mobile":0,"ocean_menu_typo_font_size_unit":"px","ocean_menu_typo_font_weight":"","ocean_menu_typo_font_weight_tablet":"","ocean_menu_typo_font_weight_mobile":"","ocean_menu_typo_transform":"","ocean_menu_typo_transform_tablet":"","ocean_menu_typo_transform_mobile":"","ocean_menu_typo_line_height":0,"ocean_menu_typo_line_height_tablet":0,"ocean_menu_typo_line_height_mobile":0,"ocean_menu_typo_line_height_unit":"","ocean_menu_typo_spacing":0,"ocean_menu_typo_spacing_tablet":0,"ocean_menu_typo_spacing_mobile":0,"ocean_menu_typo_spacing_unit":"","ocean_menu_link_color":"","ocean_menu_link_color_hover":"","ocean_menu_link_color_active":"","ocean_menu_link_background":"","ocean_menu_link_hover_background":"","ocean_menu_link_active_background":"","ocean_menu_social_links_bg":"","ocean_menu_social_hover_links_bg":"","ocean_menu_social_links_color":"","ocean_menu_social_hover_links_color":"","ocean_disable_title":"default","ocean_disable_heading":"default","ocean_post_title":"","ocean_post_subheading":"","ocean_post_title_style":"","ocean_post_title_background_color":"","ocean_post_title_background":0,"ocean_post_title_bg_image_position":"","ocean_post_title_bg_image_attachment":"","ocean_post_title_bg_image_repeat":"","ocean_post_title_bg_image_size":"","ocean_post_title_height":0,"ocean_post_title_bg_overlay":0.5,"ocean_post_title_bg_overlay_color":"","ocean_disable_breadcrumbs":"default","ocean_breadcrumbs_color":"","ocean_breadcrumbs_separator_color":"","ocean_breadcrumbs_links_color":"","ocean_breadcrumbs_links_hover_color":"","ocean_display_footer_widgets":"default","ocean_display_footer_bottom":"default","ocean_custom_footer_template":""},"_links":{"self":[{"href":"https:\/\/oeltank-pruefung.de\/index.php?rest_route=\/wp\/v2\/pages\/20"}],"collection":[{"href":"https:\/\/oeltank-pruefung.de\/index.php?rest_route=\/wp\/v2\/pages"}],"about":[{"href":"https:\/\/oeltank-pruefung.de\/index.php?rest_route=\/wp\/v2\/types\/page"}],"author":[{"embeddable":true,"href":"https:\/\/oeltank-pruefung.de\/index.php?rest_route=\/wp\/v2\/users\/1"}],"replies":[{"embeddable":true,"href":"https:\/\/oeltank-pruefung.de\/index.php?rest_route=%2Fwp%2Fv2%2Fcomments&post=20"}],"version-history":[{"count":16,"href":"https:\/\/oeltank-pruefung.de\/index.php?rest_route=\/wp\/v2\/pages\/20\/revisions"}],"predecessor-version":[{"id":1152,"href":"https:\/\/oeltank-pruefung.de\/index.php?rest_route=\/wp\/v2\/pages\/20\/revisions\/1152"}],"wp:attachment":[{"href":"https:\/\/oeltank-pruefung.de\/index.php?rest_route=%2Fwp%2Fv2%2Fmedia&parent=20"}],"curies":[{"name":"wp","href":"https:\/\/api.w.org\/{rel}","templated":true}]}}